{"id":79,"date":"2022-05-23T22:04:19","date_gmt":"2022-05-23T20:04:19","guid":{"rendered":"https:\/\/assodescopeaux.fr\/?page_id=79"},"modified":"2024-09-22T11:23:56","modified_gmt":"2024-09-22T09:23:56","slug":"79-2","status":"publish","type":"page","link":"https:\/\/assodescopeaux.fr\/","title":{"rendered":""},"content":{"rendered":"\t\t<div data-elementor-type=\"wp-page\" data-elementor-id=\"79\" class=\"elementor elementor-79\">\n\t\t\t\t\t\t\t\t\t<section class=\"elementor-section elementor-top-section elementor-element elementor-element-d93a5c9 elementor-section-boxed elementor-section-height-default elementor-section-height-default\" data-id=\"d93a5c9\" data-element_type=\"section\">\n\t\t\t\t\t\t<div class=\"elementor-container elementor-column-gap-default\">\n\t\t\t\t\t<div class=\"elementor-column elementor-col-100 elementor-top-column elementor-element elementor-element-2eceb8d\" data-id=\"2eceb8d\" data-element_type=\"column\">\n\t\t\t<div class=\"elementor-widget-wrap elementor-element-populated\">\n\t\t\t\t\t\t\t\t<div class=\"elementor-element elementor-element-ec9ad74 elementor-widget elementor-widget-heading\" data-id=\"ec9ad74\" data-element_type=\"widget\" data-widget_type=\"heading.default\">\n\t\t\t\t<div class=\"elementor-widget-container\">\n\t\t\t<style>\/*! elementor - v3.15.0 - 09-08-2023 *\/\n.elementor-heading-title{padding:0;margin:0;line-height:1}.elementor-widget-heading .elementor-heading-title[class*=elementor-size-]>a{color:inherit;font-size:inherit;line-height:inherit}.elementor-widget-heading .elementor-heading-title.elementor-size-small{font-size:15px}.elementor-widget-heading .elementor-heading-title.elementor-size-medium{font-size:19px}.elementor-widget-heading .elementor-heading-title.elementor-size-large{font-size:29px}.elementor-widget-heading .elementor-heading-title.elementor-size-xl{font-size:39px}.elementor-widget-heading .elementor-heading-title.elementor-size-xxl{font-size:59px}<\/style><h2 class=\"elementor-heading-title elementor-size-default\">Qui sommes nous ?<\/h2>\t\t<\/div>\n\t\t\t\t<\/div>\n\t\t\t\t\t<\/div>\n\t\t<\/div>\n\t\t\t\t\t\t\t<\/div>\n\t\t<\/section>\n\t\t\t\t<section class=\"elementor-section elementor-top-section elementor-element elementor-element-c71a3ba elementor-section-boxed elementor-section-height-default elementor-section-height-default\" data-id=\"c71a3ba\" data-element_type=\"section\">\n\t\t\t\t\t\t<div class=\"elementor-container elementor-column-gap-default\">\n\t\t\t\t\t<div class=\"elementor-column elementor-col-50 elementor-top-column elementor-element elementor-element-6238ae2\" data-id=\"6238ae2\" data-element_type=\"column\">\n\t\t\t<div class=\"elementor-widget-wrap elementor-element-populated\">\n\t\t\t\t\t\t\t\t<div class=\"elementor-element elementor-element-741127b elementor-widget elementor-widget-image\" data-id=\"741127b\" data-element_type=\"widget\" data-widget_type=\"image.default\">\n\t\t\t\t<div class=\"elementor-widget-container\">\n\t\t\t<style>\/*! elementor - v3.15.0 - 09-08-2023 *\/\n.elementor-widget-image{text-align:center}.elementor-widget-image a{display:inline-block}.elementor-widget-image a img[src$=\".svg\"]{width:48px}.elementor-widget-image img{vertical-align:middle;display:inline-block}<\/style>\t\t\t\t\t\t\t\t\t\t\t\t<img decoding=\"async\" loading=\"lazy\" width=\"768\" height=\"564\" src=\"https:\/\/assodescopeaux.fr\/wp-content\/uploads\/2022\/05\/275295048_781615973228584_5164205883995027926_n-768x564.jpg\" class=\"attachment-medium_large size-medium_large wp-image-52\" alt=\"\" srcset=\"https:\/\/assodescopeaux.fr\/wp-content\/uploads\/2022\/05\/275295048_781615973228584_5164205883995027926_n-768x564.jpg 768w, https:\/\/assodescopeaux.fr\/wp-content\/uploads\/2022\/05\/275295048_781615973228584_5164205883995027926_n-300x220.jpg 300w, https:\/\/assodescopeaux.fr\/wp-content\/uploads\/2022\/05\/275295048_781615973228584_5164205883995027926_n-1024x752.jpg 1024w, https:\/\/assodescopeaux.fr\/wp-content\/uploads\/2022\/05\/275295048_781615973228584_5164205883995027926_n.jpg 1383w\" sizes=\"(max-width: 768px) 100vw, 768px\" \/>\t\t\t\t\t\t\t\t\t\t\t\t\t\t\t<\/div>\n\t\t\t\t<\/div>\n\t\t\t\t\t<\/div>\n\t\t<\/div>\n\t\t\t\t<div class=\"elementor-column elementor-col-50 elementor-top-column elementor-element elementor-element-e4f9d88\" data-id=\"e4f9d88\" data-element_type=\"column\">\n\t\t\t<div class=\"elementor-widget-wrap elementor-element-populated\">\n\t\t\t\t\t\t\t\t<div class=\"elementor-element elementor-element-c81d0cc elementor-widget elementor-widget-text-editor\" data-id=\"c81d0cc\" data-element_type=\"widget\" data-widget_type=\"text-editor.default\">\n\t\t\t\t<div class=\"elementor-widget-container\">\n\t\t\t<style>\/*! elementor - v3.15.0 - 09-08-2023 *\/\n.elementor-widget-text-editor.elementor-drop-cap-view-stacked .elementor-drop-cap{background-color:#69727d;color:#fff}.elementor-widget-text-editor.elementor-drop-cap-view-framed .elementor-drop-cap{color:#69727d;border:3px solid;background-color:transparent}.elementor-widget-text-editor:not(.elementor-drop-cap-view-default) .elementor-drop-cap{margin-top:8px}.elementor-widget-text-editor:not(.elementor-drop-cap-view-default) .elementor-drop-cap-letter{width:1em;height:1em}.elementor-widget-text-editor .elementor-drop-cap{float:left;text-align:center;line-height:1;font-size:50px}.elementor-widget-text-editor .elementor-drop-cap-letter{display:inline-block}<\/style>\t\t\t\t<h5><span style=\"font-weight: normal;\">Fond\u00e9e en f\u00e9vrier 2019, l\u2019Asso des Copains des Copeaux a pour objectif de mettre \u00e0 disposition de ses adh\u00e9rents un \u00e9ventail de machines \u00e0 bois professionnelles afin de favoriser le partage de savoir-faire et de comp\u00e9tences autour du travail du bois, le tout de fa\u00e7on encadr\u00e9 et s\u00e9curis\u00e9.<\/span><\/h5><h5><span style=\"font-weight: normal;\">Les copains des copeaux souhaitent cr\u00e9er un lieu d\u2019\u00e9changes et de partages, vecteur de lien social.<\/span><\/h5><p>\u00a0<\/p>\t\t\t\t\t\t<\/div>\n\t\t\t\t<\/div>\n\t\t\t\t\t<\/div>\n\t\t<\/div>\n\t\t\t\t\t\t\t<\/div>\n\t\t<\/section>\n\t\t\t\t<section class=\"elementor-section elementor-top-section elementor-element elementor-element-05f2a5d elementor-section-boxed elementor-section-height-default elementor-section-height-default\" data-id=\"05f2a5d\" data-element_type=\"section\">\n\t\t\t\t\t\t<div class=\"elementor-container elementor-column-gap-default\">\n\t\t\t\t\t<div class=\"elementor-column elementor-col-100 elementor-top-column elementor-element elementor-element-ea30f46\" data-id=\"ea30f46\" data-element_type=\"column\">\n\t\t\t<div class=\"elementor-widget-wrap elementor-element-populated\">\n\t\t\t\t\t\t\t\t<div class=\"elementor-element elementor-element-02117e3 elementor-widget elementor-widget-heading\" data-id=\"02117e3\" data-element_type=\"widget\" data-widget_type=\"heading.default\">\n\t\t\t\t<div class=\"elementor-widget-container\">\n\t\t\t<h2 class=\"elementor-heading-title elementor-size-default\">O\u00f9 nous trouver ?<\/h2>\t\t<\/div>\n\t\t\t\t<\/div>\n\t\t\t\t<div class=\"elementor-element elementor-element-976a176 elementor-widget elementor-widget-text-editor\" data-id=\"976a176\" data-element_type=\"widget\" data-widget_type=\"text-editor.default\">\n\t\t\t\t<div class=\"elementor-widget-container\">\n\t\t\t\t\t\t\t<h5><span style=\"font-weight: normal;\"><img decoding=\"async\" loading=\"lazy\" class=\"alignnone size-medium wp-image-226\" src=\"http:\/\/assodescopeaux.fr\/wp-content\/uploads\/2024\/09\/1000040566-300x142.jpg\" alt=\"\" width=\"300\" height=\"142\" srcset=\"https:\/\/assodescopeaux.fr\/wp-content\/uploads\/2024\/09\/1000040566-300x142.jpg 300w, https:\/\/assodescopeaux.fr\/wp-content\/uploads\/2024\/09\/1000040566-1024x484.jpg 1024w, https:\/\/assodescopeaux.fr\/wp-content\/uploads\/2024\/09\/1000040566-768x363.jpg 768w, https:\/\/assodescopeaux.fr\/wp-content\/uploads\/2024\/09\/1000040566-1536x725.jpg 1536w, https:\/\/assodescopeaux.fr\/wp-content\/uploads\/2024\/09\/1000040566-2048x967.jpg 2048w\" sizes=\"(max-width: 300px) 100vw, 300px\" \/><\/span><\/h5><h5><span style=\"color: inherit; font-family: inherit; font-size: 1.25rem;\">Notre local est situ\u00e9 <\/span><span style=\"color: inherit; font-family: inherit; font-size: 1.25rem;\">1 rue de Malbourget sur la commune de Thuret<\/span><span style=\"color: inherit; font-family: inherit; font-size: 1.25rem;\">, en Plaine Limagne (63260). Depuis septembre 2024, nous assurons des permanences les samedis pour accueillir les personnes int\u00e9ress\u00e9es par l&rsquo;association et qui souhaitent obtenir des informations sur notre fonctionnement et visiter l&rsquo;atelier. Les adh\u00e9rents ont la possibilit\u00e9 de r\u00e9server des cr\u00e9neaux lors de ces permanences pour utiliser les machines et outils adapt\u00e9s \u00e0 leurs projets.<\/span><\/h5><div><span style=\"font-size: 20px;\">Voici le planning du mois d&rsquo;octobre 2024 :\u00a0<\/span><\/div><div>\u00a0<\/div><div><img decoding=\"async\" loading=\"lazy\" class=\"alignnone size-medium wp-image-221\" src=\"http:\/\/assodescopeaux.fr\/wp-content\/uploads\/2024\/09\/Permanences-ACDC-OCT-24-169x300.jpg\" alt=\"\" width=\"169\" height=\"300\" srcset=\"https:\/\/assodescopeaux.fr\/wp-content\/uploads\/2024\/09\/Permanences-ACDC-OCT-24-169x300.jpg 169w, https:\/\/assodescopeaux.fr\/wp-content\/uploads\/2024\/09\/Permanences-ACDC-OCT-24-576x1024.jpg 576w, https:\/\/assodescopeaux.fr\/wp-content\/uploads\/2024\/09\/Permanences-ACDC-OCT-24-768x1365.jpg 768w, https:\/\/assodescopeaux.fr\/wp-content\/uploads\/2024\/09\/Permanences-ACDC-OCT-24-864x1536.jpg 864w, https:\/\/assodescopeaux.fr\/wp-content\/uploads\/2024\/09\/Permanences-ACDC-OCT-24.jpg 1080w\" sizes=\"(max-width: 169px) 100vw, 169px\" \/><\/div><div><span style=\"font-size: 20px;\">\u00a0<\/span><\/div>\t\t\t\t\t\t<\/div>\n\t\t\t\t<\/div>\n\t\t\t\t<div class=\"elementor-element elementor-element-a6322cf elementor-widget elementor-widget-heading\" data-id=\"a6322cf\" data-element_type=\"widget\" data-widget_type=\"heading.default\">\n\t\t\t\t<div class=\"elementor-widget-container\">\n\t\t\t<h2 class=\"elementor-heading-title elementor-size-default\">Vous souhaitez adh\u00e9rer ?<\/h2>\t\t<\/div>\n\t\t\t\t<\/div>\n\t\t\t\t\t<\/div>\n\t\t<\/div>\n\t\t\t\t\t\t\t<\/div>\n\t\t<\/section>\n\t\t\t\t<section class=\"elementor-section elementor-top-section elementor-element elementor-element-a7bc74f elementor-section-boxed elementor-section-height-default elementor-section-height-default\" data-id=\"a7bc74f\" data-element_type=\"section\">\n\t\t\t\t\t\t<div class=\"elementor-container elementor-column-gap-default\">\n\t\t\t\t\t<div class=\"elementor-column elementor-col-100 elementor-top-column elementor-element elementor-element-8521ba8\" data-id=\"8521ba8\" data-element_type=\"column\">\n\t\t\t<div class=\"elementor-widget-wrap elementor-element-populated\">\n\t\t\t\t\t\t\t\t<div class=\"elementor-element elementor-element-115b6c5 elementor-widget elementor-widget-text-editor\" data-id=\"115b6c5\" data-element_type=\"widget\" data-widget_type=\"text-editor.default\">\n\t\t\t\t<div class=\"elementor-widget-container\">\n\t\t\t\t\t\t\t<p>\u00a0<\/p><ul><li><h5><span style=\"font-weight: normal;\">Vous pouvez adh\u00e9rer \u00e0 l\u2019association via le lien suivant (15\u20ac) :\u00a0<\/span><a href=\"https:\/\/www.helloasso.com\/associations\/asso-copains-des-copeaux\/adhesions\/adhesion-a-l-asso-des-copains-des-copeaux\" target=\"_blank\" rel=\"noopener\"><span style=\"font-weight: normal;\">Adh\u00e9sion<\/span><\/a><\/h5><\/li><li><h5><span style=\"font-weight: normal;\">Pour acc\u00e9der \u00e0 l&rsquo;atelier, une cotisation annuelle de 135\u20ac donnant acc\u00e8s au panel de machines de l&rsquo;association est demand\u00e9e aux adh\u00e9rents. Une formation de s\u00e9curit\u00e9 obligatoire devra \u00eatre suivie avant toute utilisation des machines. Pour plus de renseignements, <b>nous contacter par mail et nous vous rappellerons<\/b>.<\/span><\/h5><\/li><\/ul>\t\t\t\t\t\t<\/div>\n\t\t\t\t<\/div>\n\t\t\t\t\t<\/div>\n\t\t<\/div>\n\t\t\t\t\t\t\t<\/div>\n\t\t<\/section>\n\t\t\t\t<section class=\"elementor-section elementor-top-section elementor-element elementor-element-c389d20 elementor-section-boxed elementor-section-height-default elementor-section-height-default\" data-id=\"c389d20\" data-element_type=\"section\">\n\t\t\t\t\t\t<div class=\"elementor-container elementor-column-gap-default\">\n\t\t\t\t\t<div class=\"elementor-column elementor-col-100 elementor-top-column elementor-element elementor-element-de1363f\" data-id=\"de1363f\" data-element_type=\"column\">\n\t\t\t<div class=\"elementor-widget-wrap elementor-element-populated\">\n\t\t\t\t\t\t\t\t<div class=\"elementor-element elementor-element-b7b5609 elementor-widget elementor-widget-heading\" data-id=\"b7b5609\" data-element_type=\"widget\" data-widget_type=\"heading.default\">\n\t\t\t\t<div class=\"elementor-widget-container\">\n\t\t\t<h2 class=\"elementor-heading-title elementor-size-default\">Contact :<\/h2>\t\t<\/div>\n\t\t\t\t<\/div>\n\t\t\t\t\t<\/div>\n\t\t<\/div>\n\t\t\t\t\t\t\t<\/div>\n\t\t<\/section>\n\t\t\t\t<section class=\"elementor-section elementor-top-section elementor-element elementor-element-165be23 elementor-section-content-middle elementor-section-boxed elementor-section-height-default elementor-section-height-default\" data-id=\"165be23\" data-element_type=\"section\">\n\t\t\t\t\t\t<div class=\"elementor-container elementor-column-gap-default\">\n\t\t\t\t\t<div class=\"elementor-column elementor-col-50 elementor-top-column elementor-element elementor-element-ab4f025\" data-id=\"ab4f025\" data-element_type=\"column\">\n\t\t\t<div class=\"elementor-widget-wrap elementor-element-populated\">\n\t\t\t\t\t\t\t\t<div class=\"elementor-element elementor-element-2ee9df8 elementor-view-default elementor-widget elementor-widget-icon\" data-id=\"2ee9df8\" data-element_type=\"widget\" data-widget_type=\"icon.default\">\n\t\t\t\t<div class=\"elementor-widget-container\">\n\t\t\t\t\t<div class=\"elementor-icon-wrapper\">\n\t\t\t<div class=\"elementor-icon\">\n\t\t\t<i aria-hidden=\"true\" class=\"fas fa-mail-bulk\"><\/i>\t\t\t<\/div>\n\t\t<\/div>\n\t\t\t\t<\/div>\n\t\t\t\t<\/div>\n\t\t\t\t\t<\/div>\n\t\t<\/div>\n\t\t\t\t<div class=\"elementor-column elementor-col-50 elementor-top-column elementor-element elementor-element-fbc1bd8\" data-id=\"fbc1bd8\" data-element_type=\"column\">\n\t\t\t<div class=\"elementor-widget-wrap elementor-element-populated\">\n\t\t\t\t\t\t\t\t<div class=\"elementor-element elementor-element-cead5de elementor-widget elementor-widget-text-editor\" data-id=\"cead5de\" data-element_type=\"widget\" data-widget_type=\"text-editor.default\">\n\t\t\t\t<div class=\"elementor-widget-container\">\n\t\t\t\t\t\t\t<p><a href=\"mailto:assocopainsdescopeaux@gmail.com\" target=\"_blank\" rel=\"noopener\">assocopainsdescopeaux@gmail.com<\/a><\/p>\t\t\t\t\t\t<\/div>\n\t\t\t\t<\/div>\n\t\t\t\t\t<\/div>\n\t\t<\/div>\n\t\t\t\t\t\t\t<\/div>\n\t\t<\/section>\n\t\t\t\t<section class=\"elementor-section elementor-top-section elementor-element elementor-element-2897545 elementor-section-content-middle elementor-section-boxed elementor-section-height-default elementor-section-height-default\" data-id=\"2897545\" data-element_type=\"section\">\n\t\t\t\t\t\t<div class=\"elementor-container elementor-column-gap-default\">\n\t\t\t\t\t<div class=\"elementor-column elementor-col-50 elementor-top-column elementor-element elementor-element-fb316c5\" data-id=\"fb316c5\" data-element_type=\"column\">\n\t\t\t<div class=\"elementor-widget-wrap elementor-element-populated\">\n\t\t\t\t\t\t\t\t<div class=\"elementor-element elementor-element-f60bde4 elementor-view-default elementor-widget elementor-widget-icon\" data-id=\"f60bde4\" data-element_type=\"widget\" data-widget_type=\"icon.default\">\n\t\t\t\t<div class=\"elementor-widget-container\">\n\t\t\t\t\t<div class=\"elementor-icon-wrapper\">\n\t\t\t<div class=\"elementor-icon\">\n\t\t\t<i aria-hidden=\"true\" class=\"fab fa-facebook\"><\/i>\t\t\t<\/div>\n\t\t<\/div>\n\t\t\t\t<\/div>\n\t\t\t\t<\/div>\n\t\t\t\t\t<\/div>\n\t\t<\/div>\n\t\t\t\t<div class=\"elementor-column elementor-col-50 elementor-top-column elementor-element elementor-element-10572c3\" data-id=\"10572c3\" data-element_type=\"column\">\n\t\t\t<div class=\"elementor-widget-wrap elementor-element-populated\">\n\t\t\t\t\t\t\t\t<div class=\"elementor-element elementor-element-6192e50 elementor-widget elementor-widget-text-editor\" data-id=\"6192e50\" data-element_type=\"widget\" data-widget_type=\"text-editor.default\">\n\t\t\t\t<div class=\"elementor-widget-container\">\n\t\t\t\t\t\t\t<p><a href=\"https:\/\/www.facebook.com\/lescopainsdescopeaux\" target=\"_blank\" rel=\"noopener\">lescopainsdescopeaux<\/a><\/p>\t\t\t\t\t\t<\/div>\n\t\t\t\t<\/div>\n\t\t\t\t\t<\/div>\n\t\t<\/div>\n\t\t\t\t\t\t\t<\/div>\n\t\t<\/section>\n\t\t\t\t<section class=\"elementor-section elementor-top-section elementor-element elementor-element-1539d23 elementor-section-content-middle elementor-section-boxed elementor-section-height-default elementor-section-height-default\" data-id=\"1539d23\" data-element_type=\"section\">\n\t\t\t\t\t\t<div class=\"elementor-container elementor-column-gap-default\">\n\t\t\t\t\t<div class=\"elementor-column elementor-col-50 elementor-top-column elementor-element elementor-element-1caa991\" data-id=\"1caa991\" data-element_type=\"column\">\n\t\t\t<div class=\"elementor-widget-wrap elementor-element-populated\">\n\t\t\t\t\t\t\t\t<div class=\"elementor-element elementor-element-2552925 elementor-view-default elementor-widget elementor-widget-icon\" data-id=\"2552925\" data-element_type=\"widget\" data-widget_type=\"icon.default\">\n\t\t\t\t<div class=\"elementor-widget-container\">\n\t\t\t\t\t<div class=\"elementor-icon-wrapper\">\n\t\t\t<div class=\"elementor-icon\">\n\t\t\t<i aria-hidden=\"true\" class=\"fab fa-instagram\"><\/i>\t\t\t<\/div>\n\t\t<\/div>\n\t\t\t\t<\/div>\n\t\t\t\t<\/div>\n\t\t\t\t\t<\/div>\n\t\t<\/div>\n\t\t\t\t<div class=\"elementor-column elementor-col-50 elementor-top-column elementor-element elementor-element-6927c8a\" data-id=\"6927c8a\" data-element_type=\"column\">\n\t\t\t<div class=\"elementor-widget-wrap elementor-element-populated\">\n\t\t\t\t\t\t\t\t<div class=\"elementor-element elementor-element-e3e6315 elementor-widget elementor-widget-text-editor\" data-id=\"e3e6315\" data-element_type=\"widget\" data-widget_type=\"text-editor.default\">\n\t\t\t\t<div class=\"elementor-widget-container\">\n\t\t\t\t\t\t\t<p><a href=\"https:\/\/www.instagram.com\/assocopainsdescopeaux\" target=\"_blank\" rel=\"noopener\">assocopainsdescopeaux<\/a><\/p>\t\t\t\t\t\t<\/div>\n\t\t\t\t<\/div>\n\t\t\t\t\t<\/div>\n\t\t<\/div>\n\t\t\t\t\t\t\t<\/div>\n\t\t<\/section>\n\t\t\t\t<section class=\"elementor-section elementor-top-section elementor-element elementor-element-5d6955a elementor-section-content-middle elementor-section-boxed elementor-section-height-default elementor-section-height-default\" data-id=\"5d6955a\" data-element_type=\"section\">\n\t\t\t\t\t\t<div class=\"elementor-container elementor-column-gap-default\">\n\t\t\t\t\t<div class=\"elementor-column elementor-col-50 elementor-top-column elementor-element elementor-element-1aa9974\" data-id=\"1aa9974\" data-element_type=\"column\">\n\t\t\t<div class=\"elementor-widget-wrap elementor-element-populated\">\n\t\t\t\t\t\t\t\t<div class=\"elementor-element elementor-element-0c23309 elementor-view-default elementor-widget elementor-widget-icon\" data-id=\"0c23309\" data-element_type=\"widget\" data-widget_type=\"icon.default\">\n\t\t\t\t<div class=\"elementor-widget-container\">\n\t\t\t\t\t<div class=\"elementor-icon-wrapper\">\n\t\t\t<div class=\"elementor-icon\">\n\t\t\t<i aria-hidden=\"true\" class=\"fas fa-phone-alt\"><\/i>\t\t\t<\/div>\n\t\t<\/div>\n\t\t\t\t<\/div>\n\t\t\t\t<\/div>\n\t\t\t\t\t<\/div>\n\t\t<\/div>\n\t\t\t\t<div class=\"elementor-column elementor-col-50 elementor-top-column elementor-element elementor-element-ed0883f\" data-id=\"ed0883f\" data-element_type=\"column\">\n\t\t\t<div class=\"elementor-widget-wrap elementor-element-populated\">\n\t\t\t\t\t\t\t\t<div class=\"elementor-element elementor-element-8e049ed elementor-widget elementor-widget-text-editor\" data-id=\"8e049ed\" data-element_type=\"widget\" data-widget_type=\"text-editor.default\">\n\t\t\t\t<div class=\"elementor-widget-container\">\n\t\t\t\t\t\t\t<p>06 07 25 87 31<\/p>\t\t\t\t\t\t<\/div>\n\t\t\t\t<\/div>\n\t\t\t\t\t<\/div>\n\t\t<\/div>\n\t\t\t\t\t\t\t<\/div>\n\t\t<\/section>\n\t\t\t\t<section class=\"elementor-section elementor-top-section elementor-element elementor-element-5ea999d elementor-section-boxed elementor-section-height-default elementor-section-height-default\" data-id=\"5ea999d\" data-element_type=\"section\">\n\t\t\t\t\t\t<div class=\"elementor-container elementor-column-gap-default\">\n\t\t\t\t\t<div class=\"elementor-column elementor-col-100 elementor-top-column elementor-element elementor-element-c15eb25\" data-id=\"c15eb25\" data-element_type=\"column\">\n\t\t\t<div class=\"elementor-widget-wrap\">\n\t\t\t\t\t\t\t\t\t<\/div>\n\t\t<\/div>\n\t\t\t\t\t\t\t<\/div>\n\t\t<\/section>\n\t\t\t\t<section class=\"elementor-section elementor-top-section elementor-element elementor-element-40d1f74 elementor-section-boxed elementor-section-height-default elementor-section-height-default\" data-id=\"40d1f74\" data-element_type=\"section\">\n\t\t\t\t\t\t<div class=\"elementor-container elementor-column-gap-default\">\n\t\t\t\t\t<div class=\"elementor-column elementor-col-100 elementor-top-column elementor-element elementor-element-037b682\" data-id=\"037b682\" data-element_type=\"column\">\n\t\t\t<div class=\"elementor-widget-wrap\">\n\t\t\t\t\t\t\t\t\t<\/div>\n\t\t<\/div>\n\t\t\t\t\t\t\t<\/div>\n\t\t<\/section>\n\t\t\t\t\t\t\t<\/div>\n\t\t","protected":false},"excerpt":{"rendered":"<p>Qui sommes nous ? Fond\u00e9e en f\u00e9vrier 2019, l\u2019Asso des Copains des Copeaux a pour objectif de mettre \u00e0 disposition de ses adh\u00e9rents un \u00e9ventail de machines \u00e0 bois professionnelles afin de favoriser le partage de savoir-faire et de comp\u00e9tences autour du travail du bois, le tout de fa\u00e7on encadr\u00e9 et s\u00e9curis\u00e9. Les copains des [&hellip;]<\/p>\n","protected":false},"author":1,"featured_media":0,"parent":0,"menu_order":0,"comment_status":"closed","ping_status":"closed","template":"","meta":{"footnotes":""},"_links":{"self":[{"href":"https:\/\/assodescopeaux.fr\/index.php?rest_route=\/wp\/v2\/pages\/79"}],"collection":[{"href":"https:\/\/assodescopeaux.fr\/index.php?rest_route=\/wp\/v2\/pages"}],"about":[{"href":"https:\/\/assodescopeaux.fr\/index.php?rest_route=\/wp\/v2\/types\/page"}],"author":[{"embeddable":true,"href":"https:\/\/assodescopeaux.fr\/index.php?rest_route=\/wp\/v2\/users\/1"}],"replies":[{"embeddable":true,"href":"https:\/\/assodescopeaux.fr\/index.php?rest_route=%2Fwp%2Fv2%2Fcomments&post=79"}],"version-history":[{"count":121,"href":"https:\/\/assodescopeaux.fr\/index.php?rest_route=\/wp\/v2\/pages\/79\/revisions"}],"predecessor-version":[{"id":239,"href":"https:\/\/assodescopeaux.fr\/index.php?rest_route=\/wp\/v2\/pages\/79\/revisions\/239"}],"wp:attachment":[{"href":"https:\/\/assodescopeaux.fr\/index.php?rest_route=%2Fwp%2Fv2%2Fmedia&parent=79"}],"curies":[{"name":"wp","href":"https:\/\/api.w.org\/{rel}","templated":true}]}}